{"id":20,"date":"2020-08-15T16:20:28","date_gmt":"2020-08-15T14:20:28","guid":{"rendered":"http:\/\/zadebielogisticscenter.com\/NEW\/?page_id=20"},"modified":"2020-08-15T16:20:28","modified_gmt":"2020-08-15T14:20:28","slug":"hala-1","status":"publish","type":"page","link":"http:\/\/zadebielogisticscenter.com\/NEW\/hala-1\/","title":{"rendered":"Hala 1"},"content":{"rendered":"Obiekt po\u0142o\u017cony jest w Lublinie przy ul.Zad\u0119bie 65, dojazd mo\u017cliwy jest od strony ul.Turystycznej, jak r\u00f3wnie\u017c od ul.Me\u0142giewskiej, posiada bezpo\u015bredni dost\u0119p do dw\u00f3ch w\u0119z\u0142\u00f3w komunikacyjnych zlokalizowanych na obwodnicy Lublina. Bardzo dobra lokalizacja na siedzib\u0119 firmy dystrybucyjnej czy hurtowni, a tak\u017ce przedsi\u0119biorstw produkcyjnych.\r\n\r\n<!-- \/wp:paragraph --><!-- wp:paragraph -->\r\n\r\nHala Magazynowo- Us\u0142ugowo- Produkcyjna to powierzchnia dost\u0119pna w ca\u0142o\u015bci 900 m2 lub w dowolnych modu\u0142ach, wymiary: 60&#215;15 metr\u00f3w:\r\n\r\n<!-- \/wp:paragraph --><!-- wp:list -->\r\n<ul>\r\n \t<li>magazyn wysokiego sk\u0142adowania &#8211; wysoko\u015b\u0107 hali pod d\u017awigarami 6m, bardzo dobrze do\u015bwietlony \u015bwiat\u0142em dziennym, dodatkowo \u015bwietliki w dachu;<\/li>\r\n \t<li>posadzka przemys\u0142owa, niepylna;<\/li>\r\n \t<li>dost\u0119p do magazynu z poziomu &#8220;0&#8221;, cztery automatyczne bramy, mo\u017cliwo\u015b\u0107 wykonania doku roz\u0142adunkowego;<\/li>\r\n \t<li>zaplecze socjalne na terenie hali (szatnia dla pracownik\u00f3w, WC i prysznic, kot\u0142ownia);<\/li>\r\n \t<li>budynek energoooszcz\u0119dny- pokrycie hali: p\u0142yta dwuwarstwowa- poliuretan 12cm,docieplenie \u015bcian &#8211; styropian 15cm, nagrzewnice<\/li>\r\n \t<li>przed magazynem du\u017cy plac manewrowy.<\/li>\r\n<\/ul>\r\n<!-- \/wp:list --><!-- wp:paragraph -->\r\n\r\nBudynek Biurowy to:\r\n\r\n<!-- \/wp:paragraph --><!-- wp:list -->\r\n<ul>\r\n \t<li>powierzchnia ca\u0142kowita 300 m2 , 2 kondygnacje po 150 m2<\/li>\r\n \t<li>wysoki standard wyko\u0144czeniowy,<\/li>\r\n \t<li>na parterze 2 pomieszczenia biurowe, kuchnia i 2 WC,<\/li>\r\n \t<li>na I pi\u0119trze 2 pomieszczenia biurowe, WC.<\/li>\r\n<\/ul>","protected":false},"excerpt":{"rendered":"<p>Obiekt po\u0142o\u017cony jest w Lublinie przy ul.Zad\u0119bie 65, dojazd mo\u017cliwy jest od strony ul.Turystycznej, jak r\u00f3wnie\u017c od ul.Me\u0142giewskiej, posiada bezpo\u015bredni dost\u0119p do dw\u00f3ch w\u0119z\u0142\u00f3w komunikacyjnych zlokalizowanych na obwodnicy Lublina. Bardzo dobra lokalizacja na siedzib\u0119 firmy dystrybucyjnej czy hurtowni, a tak\u017ce przedsi\u0119biorstw produkcyjnych. Hala Magazynowo- Us\u0142ugowo- Produkcyjna to powierzchnia dost\u0119pna w ca\u0142o\u015bci 900 m2 lub w dowolnych modu\u0142ach, wymiary: 60&#215;15 metr\u00f3w: magazyn wysokiego sk\u0142adowania &#8211; wysoko\u015b\u0107 hali pod d\u017awigarami 6m, bardzo dobrze do\u015bwietlony \u015bwiat\u0142em dziennym, dodatkowo \u015bwietliki w dachu; posadzka przemys\u0142owa, niepylna; dost\u0119p do magazynu z poziomu &#8220;0&#8221;, cztery automatyczne bramy, mo\u017cliwo\u015b\u0107 wykonania doku roz\u0142adunkowego; zaplecze socjalne na terenie hali (szatnia dla pracownik\u00f3w, WC i prysznic, kot\u0142ownia); budynek energoooszcz\u0119dny- pokrycie hali: p\u0142yta dwuwarstwowa- poliuretan 12cm,docieplenie \u015bcian &#8211; styropian 15cm, nagrzewnice przed magazynem du\u017cy plac manewrowy. Budynek Biurowy to: powierzchnia ca\u0142kowita 300 m2 , 2 kondygnacje po 150 m2 wysoki standard wyko\u0144czeniowy, na parterze 2 pomieszczenia biurowe, kuchnia i 2 WC, na I pi\u0119trze 2 pomieszczenia biurowe, WC.<\/p>\n","protected":false},"author":1,"featured_media":0,"parent":0,"menu_order":0,"comment_status":"closed","ping_status":"closed","template":"","meta":[],"_links":{"self":[{"href":"http:\/\/zadebielogisticscenter.com\/NEW\/wp-json\/wp\/v2\/pages\/20"}],"collection":[{"href":"http:\/\/zadebielogisticscenter.com\/NEW\/wp-json\/wp\/v2\/pages"}],"about":[{"href":"http:\/\/zadebielogisticscenter.com\/NEW\/wp-json\/wp\/v2\/types\/page"}],"author":[{"embeddable":true,"href":"http:\/\/zadebielogisticscenter.com\/NEW\/wp-json\/wp\/v2\/users\/1"}],"replies":[{"embeddable":true,"href":"http:\/\/zadebielogisticscenter.com\/NEW\/wp-json\/wp\/v2\/comments?post=20"}],"version-history":[{"count":1,"href":"http:\/\/zadebielogisticscenter.com\/NEW\/wp-json\/wp\/v2\/pages\/20\/revisions"}],"predecessor-version":[{"id":21,"href":"http:\/\/zadebielogisticscenter.com\/NEW\/wp-json\/wp\/v2\/pages\/20\/revisions\/21"}],"wp:attachment":[{"href":"http:\/\/zadebielogisticscenter.com\/NEW\/wp-json\/wp\/v2\/media?parent=20"}],"curies":[{"name":"wp","href":"https:\/\/api.w.org\/{rel}","templated":true}]}}